{"id":510,"date":"2022-10-31T14:16:33","date_gmt":"2022-10-31T14:16:33","guid":{"rendered":"http:\/\/www.cagataydemircioglu.com.tr\/cninzihni\/?page_id=510"},"modified":"2022-10-31T14:16:35","modified_gmt":"2022-10-31T14:16:35","slug":"podcastimsi-bir-seyler","status":"publish","type":"page","link":"http:\/\/www.cagataydemircioglu.com.tr\/cninzihni\/podcastimsi-bir-seyler\/","title":{"rendered":"Podcastimsi Bir \u015eeyler"},"content":{"rendered":"\n<figure class=\"wp-block-embed is-type-rich is-provider-spotify wp-block-embed-spotify wp-embed-aspect-21-9 wp-has-aspect-ratio\"><div class=\"wp-block-embed__wrapper\">\n<ul class=\"bxslider-vid\"><li><iframe title=\"Spotify Embed: \u00c7.&amp;apos;nin Zihni (ama Podcast)\" style=\"border-radius: 12px\" width=\"100%\" height=\"152\" frameborder=\"0\" allowfullscreen allow=\"autoplay; clipboard-write; encrypted-media; fullscreen; picture-in-picture\" loading=\"lazy\" src=\"https:\/\/open.spotify.com\/embed\/show\/47jocz3q1iKo5pjqhPBMMi?si=8c3eb90d0ec649b7&#038;utm_source=oembed\"><\/iframe><\/li><\/ul>\n<\/div><\/figure>\n\n\n\n<p>Spotify kullanm\u0131yorum ben evlad\u0131m, bana podcast i\u00e7in farkl\u0131 se\u00e7enek ver diyorsan daa, hemmen a\u015fa\u011f\u0131dakine t\u0131klayabilirsiin!<\/p>\n\n\n\n<figure class=\"wp-block-embed is-type-wp-embed is-provider-anchor-fm-inc wp-block-embed-anchor-fm-inc\"><div class=\"wp-block-embed__wrapper\">\n<ul class=\"bxslider-vid\"><li><iframe class=\"wp-embedded-content\" sandbox=\"allow-scripts\" security=\"restricted\" title=\"\u00c7.\" src=\"https:\/\/anchor.fm\/cninzihni\/embed#?secret=eB3feFY6Jr\" data-secret=\"eB3feFY6Jr\" height=\"102px\" width=\"400px\" frameborder=\"0\" scrolling=\"no\"><\/iframe><\/li><\/ul>\n<\/div><\/figure>\n","protected":false},"excerpt":{"rendered":"<p>Spotify kullanm\u0131yorum ben evlad\u0131m, bana podcast i\u00e7in farkl\u0131 se\u00e7enek ver diyorsan daa, hemmen a\u015fa\u011f\u0131dakine t\u0131klayabilirsiin!<\/p>\n","protected":false},"author":1,"featured_media":0,"parent":0,"menu_order":0,"comment_status":"closed","ping_status":"closed","template":"","meta":{"footnotes":""},"jetpack_sharing_enabled":true,"_links":{"self":[{"href":"http:\/\/www.cagataydemircioglu.com.tr\/cninzihni\/wp-json\/wp\/v2\/pages\/510"}],"collection":[{"href":"http:\/\/www.cagataydemircioglu.com.tr\/cninzihni\/wp-json\/wp\/v2\/pages"}],"about":[{"href":"http:\/\/www.cagataydemircioglu.com.tr\/cninzihni\/wp-json\/wp\/v2\/types\/page"}],"author":[{"embeddable":true,"href":"http:\/\/www.cagataydemircioglu.com.tr\/cninzihni\/wp-json\/wp\/v2\/users\/1"}],"replies":[{"embeddable":true,"href":"http:\/\/www.cagataydemircioglu.com.tr\/cninzihni\/wp-json\/wp\/v2\/comments?post=510"}],"version-history":[{"count":3,"href":"http:\/\/www.cagataydemircioglu.com.tr\/cninzihni\/wp-json\/wp\/v2\/pages\/510\/revisions"}],"predecessor-version":[{"id":515,"href":"http:\/\/www.cagataydemircioglu.com.tr\/cninzihni\/wp-json\/wp\/v2\/pages\/510\/revisions\/515"}],"wp:attachment":[{"href":"http:\/\/www.cagataydemircioglu.com.tr\/cninzihni\/wp-json\/wp\/v2\/media?parent=510"}],"curies":[{"name":"wp","href":"https:\/\/api.w.org\/{rel}","templated":true}]}}