{"id":209,"date":"2020-07-20T10:01:46","date_gmt":"2020-07-20T10:01:46","guid":{"rendered":"http:\/\/www.cagataydemircioglu.com.tr\/cninzihni\/?page_id=209"},"modified":"2020-07-20T10:12:00","modified_gmt":"2020-07-20T10:12:00","slug":"siirsel-denemeler","status":"publish","type":"page","link":"http:\/\/www.cagataydemircioglu.com.tr\/cninzihni\/siirsel-denemeler\/","title":{"rendered":"\u015eiirsel Denemeler"},"content":{"rendered":"\n<figure class=\"wp-block-embed-spotify wp-block-embed is-type-rich is-provider-spotify wp-embed-aspect-21-9 wp-has-aspect-ratio\"><div class=\"wp-block-embed__wrapper\">\n<ul class=\"bxslider-vid\"><li><iframe loading=\"lazy\" title=\"Spotify Embed: \u015eiirsel Denemeler\" width=\"100%\" height=\"232\" allowtransparency=\"true\" frameborder=\"0\" allow=\"encrypted-media\" src=\"https:\/\/open.spotify.com\/embed-podcast\/show\/1nYaNk26JZT6CPrbWDKAw9\"><\/iframe><\/li><\/ul>\n<\/div><\/figure>\n\n\n\n<p>Alttaki linklerden de di\u011fer platformlara giderek t\u00fcm \u015fiirlere ula\u015fabilirsiniz:<br><a href=\"https:\/\/anchor.fm\/siirseldenemeler\" class=\"rank-math-link\">Anchor<\/a> <br><a href=\"https:\/\/open.spotify.com\/show\/1nYaNk26JZT6CPrbWDKAw9\" class=\"rank-math-link\">Spotify<\/a><br><a href=\"https:\/\/www.google.com\/podcasts?feed=aHR0cHM6Ly9hbmNob3IuZm0vcy8xMDI1YTkzMC9wb2RjYXN0L3Jzcw==\" class=\"rank-math-link\">Google Podcasts<\/a> <br><a href=\"https:\/\/castbox.fm\/channel\/\u015eiirsel-Denemeler-id2683107?country=us\" class=\"rank-math-link\">Castbox<\/a><br><a href=\"https:\/\/radiopublic.com\/iirsel-denemeler-85l5Am\" class=\"rank-math-link\">Radio Public<\/a><br><a href=\"https:\/\/www.breaker.audio\/siirsel-denemeler\" class=\"rank-math-link\">Breaker<\/a><\/p>\n","protected":false},"excerpt":{"rendered":"<p>Alttaki linklerden de di\u011fer platformlara giderek t\u00fcm \u015fiirlere ula\u015fabilirsiniz:Anchor SpotifyGoogle Podcasts CastboxRadio PublicBreaker<\/p>\n","protected":false},"author":1,"featured_media":0,"parent":0,"menu_order":0,"comment_status":"closed","ping_status":"closed","template":"","meta":{"footnotes":""},"jetpack_sharing_enabled":true,"_links":{"self":[{"href":"http:\/\/www.cagataydemircioglu.com.tr\/cninzihni\/wp-json\/wp\/v2\/pages\/209"}],"collection":[{"href":"http:\/\/www.cagataydemircioglu.com.tr\/cninzihni\/wp-json\/wp\/v2\/pages"}],"about":[{"href":"http:\/\/www.cagataydemircioglu.com.tr\/cninzihni\/wp-json\/wp\/v2\/types\/page"}],"author":[{"embeddable":true,"href":"http:\/\/www.cagataydemircioglu.com.tr\/cninzihni\/wp-json\/wp\/v2\/users\/1"}],"replies":[{"embeddable":true,"href":"http:\/\/www.cagataydemircioglu.com.tr\/cninzihni\/wp-json\/wp\/v2\/comments?post=209"}],"version-history":[{"count":0,"href":"http:\/\/www.cagataydemircioglu.com.tr\/cninzihni\/wp-json\/wp\/v2\/pages\/209\/revisions"}],"wp:attachment":[{"href":"http:\/\/www.cagataydemircioglu.com.tr\/cninzihni\/wp-json\/wp\/v2\/media?parent=209"}],"curies":[{"name":"wp","href":"https:\/\/api.w.org\/{rel}","templated":true}]}}